{"id":96,"date":"2013-05-27T08:30:13","date_gmt":"2013-05-27T06:30:13","guid":{"rendered":"http:\/\/cosaclay.fr\/club\/?page_id=96"},"modified":"2019-09-02T08:37:54","modified_gmt":"2019-09-02T06:37:54","slug":"tennis-de-table","status":"publish","type":"page","link":"https:\/\/cosaclay.fr\/club\/tennis-de-table\/","title":{"rendered":"Tennis de table"},"content":{"rendered":"<p>Pr\u00e9sident : Julien MALARET &#8211; T\u00e9l : 06 70 75 16 61<\/p>\n<p>Tr\u00e9sorier : Jean-Claude ROUFFIGNAC &#8211; T\u00e9l : 01 69 28 44 34<\/p>\n<p>Secr\u00e9taire : Nicolas OSCHE &#8211; T\u00e9l : 06 09 70 03 47<\/p>\n<p>Site : <a href=\"https:\/\/ttcosaclay91.wixsite.com\/costt\">https:\/\/ttcosaclay91.wixsite.com\/costt<\/a><\/p>\n\n\n<p><\/p>\n","protected":false},"excerpt":{"rendered":"<p>Pr\u00e9sident : Julien MALARET &#8211; T\u00e9l : 06 70 75 16 61 Tr\u00e9sorier : Jean-Claude ROUFFIGNAC &#8211; T\u00e9l : 01 69 28 44 34 Secr\u00e9taire : Nicolas OSCHE &#8211; T\u00e9l : 06 09 70 03 47 Site : https:\/\/ttcosaclay91.wixsite.com\/costt<\/p>\n","protected":false},"author":1,"featured_media":0,"parent":0,"menu_order":0,"comment_status":"closed","ping_status":"open","template":"","meta":[],"_links":{"self":[{"href":"https:\/\/cosaclay.fr\/club\/wp-json\/wp\/v2\/pages\/96"}],"collection":[{"href":"https:\/\/cosaclay.fr\/club\/wp-json\/wp\/v2\/pages"}],"about":[{"href":"https:\/\/cosaclay.fr\/club\/wp-json\/wp\/v2\/types\/page"}],"author":[{"embeddable":true,"href":"https:\/\/cosaclay.fr\/club\/wp-json\/wp\/v2\/users\/1"}],"replies":[{"embeddable":true,"href":"https:\/\/cosaclay.fr\/club\/wp-json\/wp\/v2\/comments?post=96"}],"version-history":[{"count":16,"href":"https:\/\/cosaclay.fr\/club\/wp-json\/wp\/v2\/pages\/96\/revisions"}],"predecessor-version":[{"id":652,"href":"https:\/\/cosaclay.fr\/club\/wp-json\/wp\/v2\/pages\/96\/revisions\/652"}],"wp:attachment":[{"href":"https:\/\/cosaclay.fr\/club\/wp-json\/wp\/v2\/media?parent=96"}],"curies":[{"name":"wp","href":"https:\/\/api.w.org\/{rel}","templated":true}]}}