{"id":74,"date":"2013-05-23T07:18:18","date_gmt":"2013-05-23T05:18:18","guid":{"rendered":"http:\/\/cosaclay.fr\/club\/?page_id=74"},"modified":"2020-09-03T09:13:26","modified_gmt":"2020-09-03T07:13:26","slug":"escalade","status":"publish","type":"page","link":"https:\/\/cosaclay.fr\/club\/escalade\/","title":{"rendered":"Escalade"},"content":{"rendered":"<p>Pr\u00e9sidente : H\u00e9l\u00e8ne LANDAIS &#8211; T\u00e9l : 06 71 64 49 37<\/p>\n\n\n<p><\/p>\n","protected":false},"excerpt":{"rendered":"<p>Pr\u00e9sidente : H\u00e9l\u00e8ne LANDAIS &#8211; T\u00e9l : 06 71 64 49 37<\/p>\n","protected":false},"author":1,"featured_media":0,"parent":0,"menu_order":0,"comment_status":"closed","ping_status":"open","template":"","meta":[],"_links":{"self":[{"href":"https:\/\/cosaclay.fr\/club\/wp-json\/wp\/v2\/pages\/74"}],"collection":[{"href":"https:\/\/cosaclay.fr\/club\/wp-json\/wp\/v2\/pages"}],"about":[{"href":"https:\/\/cosaclay.fr\/club\/wp-json\/wp\/v2\/types\/page"}],"author":[{"embeddable":true,"href":"https:\/\/cosaclay.fr\/club\/wp-json\/wp\/v2\/users\/1"}],"replies":[{"embeddable":true,"href":"https:\/\/cosaclay.fr\/club\/wp-json\/wp\/v2\/comments?post=74"}],"version-history":[{"count":13,"href":"https:\/\/cosaclay.fr\/club\/wp-json\/wp\/v2\/pages\/74\/revisions"}],"predecessor-version":[{"id":756,"href":"https:\/\/cosaclay.fr\/club\/wp-json\/wp\/v2\/pages\/74\/revisions\/756"}],"wp:attachment":[{"href":"https:\/\/cosaclay.fr\/club\/wp-json\/wp\/v2\/media?parent=74"}],"curies":[{"name":"wp","href":"https:\/\/api.w.org\/{rel}","templated":true}]}}