{"id":52,"date":"2013-05-22T07:39:15","date_gmt":"2013-05-22T05:39:15","guid":{"rendered":"http:\/\/cosaclay.fr\/club\/?page_id=52"},"modified":"2020-09-01T12:36:06","modified_gmt":"2020-09-01T10:36:06","slug":"danse","status":"publish","type":"page","link":"https:\/\/cosaclay.fr\/club\/danse\/","title":{"rendered":"Danse"},"content":{"rendered":"<p>Pr\u00e9sidente : Sabine PAQUETTE<\/p>\n<p>Tr\u00e9sori\u00e8re : Fr\u00e9d\u00e9rique DARGANCE<\/p>\n<p>Secr\u00e9taire : Murielle STASZEWSKI<\/p>\n<p>Ainsidanse accueille les gar\u00e7ons et les filles \u00e0 partir de 4 ans ainsi que les adultes et leur propose un enseignement alliant technique et sens artistique dans une ambiance d\u00e9tendue.<\/p>\n<p>4 disciplines vous sont propos\u00e9es :<\/p>\n<p>&#8211; Danse classique<\/p>\n<p>&#8211; Danse contemporaine<\/p>\n<p>&#8211; Modern Jazz<\/p>\n<p>&#8211; Hip Hop<\/p>\n<p>Pour nous joindre :<a href=\"mailto:ainsidanse.cos@gmail.com\"> ainsidanse.cos@gmail.com<\/a><\/p>\n<p>Pour plus de renseignements : <a href=\"http:\/\/ainsidanse.cos.free.fr\/\">http:\/\/ainsidanse.cos.free.fr\/<\/a><\/p>\n","protected":false},"excerpt":{"rendered":"<p>Pr\u00e9sidente : Sabine PAQUETTE Tr\u00e9sori\u00e8re : Fr\u00e9d\u00e9rique DARGANCE Secr\u00e9taire : Murielle STASZEWSKI Ainsidanse accueille les gar\u00e7ons et les filles \u00e0 partir de 4 ans ainsi que les adultes et leur propose un enseignement alliant technique et sens artistique dans une &hellip; <a href=\"https:\/\/cosaclay.fr\/club\/danse\/\">Continuer la lecture <span class=\"meta-nav\">&rarr;<\/span><\/a><\/p>\n","protected":false},"author":1,"featured_media":0,"parent":0,"menu_order":0,"comment_status":"closed","ping_status":"open","template":"","meta":[],"_links":{"self":[{"href":"https:\/\/cosaclay.fr\/club\/wp-json\/wp\/v2\/pages\/52"}],"collection":[{"href":"https:\/\/cosaclay.fr\/club\/wp-json\/wp\/v2\/pages"}],"about":[{"href":"https:\/\/cosaclay.fr\/club\/wp-json\/wp\/v2\/types\/page"}],"author":[{"embeddable":true,"href":"https:\/\/cosaclay.fr\/club\/wp-json\/wp\/v2\/users\/1"}],"replies":[{"embeddable":true,"href":"https:\/\/cosaclay.fr\/club\/wp-json\/wp\/v2\/comments?post=52"}],"version-history":[{"count":21,"href":"https:\/\/cosaclay.fr\/club\/wp-json\/wp\/v2\/pages\/52\/revisions"}],"predecessor-version":[{"id":749,"href":"https:\/\/cosaclay.fr\/club\/wp-json\/wp\/v2\/pages\/52\/revisions\/749"}],"wp:attachment":[{"href":"https:\/\/cosaclay.fr\/club\/wp-json\/wp\/v2\/media?parent=52"}],"curies":[{"name":"wp","href":"https:\/\/api.w.org\/{rel}","templated":true}]}}